{"id":6656,"date":"2026-01-27T09:30:52","date_gmt":"2026-01-27T12:30:52","guid":{"rendered":"http:\/\/lastravaganza.com.br\/?page_id=6656"},"modified":"2026-01-28T17:25:49","modified_gmt":"2026-01-28T20:25:49","slug":"edicao-anteriores-2023","status":"publish","type":"page","link":"https:\/\/lastravaganza.com.br\/?page_id=6656","title":{"rendered":"Edi\u00e7\u00f5es 2023"},"content":{"rendered":"\t\t<div data-elementor-type=\"wp-page\" data-elementor-id=\"6656\" class=\"elementor elementor-6656\">\n\t\t\t\t<div class=\"elementor-element elementor-element-eed4429 e-flex e-con-boxed e-con e-parent\" data-id=\"eed4429\" data-element_type=\"container\" data-e-type=\"container\">\n\t\t\t\t\t<div class=\"e-con-inner\">\n\t\t<div class=\"elementor-element elementor-element-41a6d16 e-con-full e-flex e-con e-child\" data-id=\"41a6d16\" data-element_type=\"container\" data-e-type=\"container\">\n\t\t\t\t<div class=\"elementor-element elementor-element-91f3dee elementor-widget elementor-widget-image\" data-id=\"91f3dee\" data-element_type=\"widget\" data-e-type=\"widget\" data-widget_type=\"image.default\">\n\t\t\t\t\t\t\t\t\t\t\t\t\t\t\t\t<a href=\"http:\/\/lastravaganza.com.br\/edicoes\/2023\/La-Stravaganza-Italiana1.pdf\" target=\"_blank\">\n\t\t\t\t\t\t\t<img fetchpriority=\"high\" decoding=\"async\" width=\"266\" height=\"305\" src=\"https:\/\/lastravaganza.com.br\/wp-content\/uploads\/2026\/01\/edicao-marco-2023-capa.jpg\" class=\"attachment-large size-large wp-image-6706\" alt=\"\" srcset=\"https:\/\/lastravaganza.com.br\/wp-content\/uploads\/2026\/01\/edicao-marco-2023-capa.jpg 266w, https:\/\/lastravaganza.com.br\/wp-content\/uploads\/2026\/01\/edicao-marco-2023-capa-262x300.jpg 262w\" sizes=\"(max-width: 266px) 100vw, 266px\" \/>\t\t\t\t\t\t\t\t<\/a>\n\t\t\t\t\t\t\t\t\t\t\t\t\t\t\t<\/div>\n\t\t\t\t<div class=\"elementor-element elementor-element-26c3965 elementor-widget elementor-widget-text-editor\" data-id=\"26c3965\" data-element_type=\"widget\" data-e-type=\"widget\" data-widget_type=\"text-editor.default\">\n\t\t\t\t\t\t\t\t\t<p><strong>1\u00aa Edi\u00e7\u00e3o<\/strong> &#8211; Mar\u00e7o 2023<\/p>\t\t\t\t\t\t\t\t<\/div>\n\t\t\t\t<\/div>\n\t\t<div class=\"elementor-element elementor-element-4b0c741 e-con-full e-flex e-con e-child\" data-id=\"4b0c741\" data-element_type=\"container\" data-e-type=\"container\">\n\t\t\t\t<div class=\"elementor-element elementor-element-205f0f8 elementor-widget elementor-widget-image\" data-id=\"205f0f8\" data-element_type=\"widget\" data-e-type=\"widget\" data-widget_type=\"image.default\">\n\t\t\t\t\t\t\t\t\t\t\t\t\t\t\t\t<a href=\"http:\/\/lastravaganza.com.br\/edicoes\/2023\/La-Stravaganza-Italiana2edicao.pdf\" target=\"_blank\">\n\t\t\t\t\t\t\t<img decoding=\"async\" width=\"266\" height=\"305\" src=\"https:\/\/lastravaganza.com.br\/wp-content\/uploads\/2026\/01\/edicao-abril-2023-capa.jpg\" class=\"attachment-large size-large wp-image-6705\" alt=\"\" srcset=\"https:\/\/lastravaganza.com.br\/wp-content\/uploads\/2026\/01\/edicao-abril-2023-capa.jpg 266w, https:\/\/lastravaganza.com.br\/wp-content\/uploads\/2026\/01\/edicao-abril-2023-capa-262x300.jpg 262w\" sizes=\"(max-width: 266px) 100vw, 266px\" \/>\t\t\t\t\t\t\t\t<\/a>\n\t\t\t\t\t\t\t\t\t\t\t\t\t\t\t<\/div>\n\t\t\t\t<div class=\"elementor-element elementor-element-c59d62f elementor-widget elementor-widget-text-editor\" data-id=\"c59d62f\" data-element_type=\"widget\" data-e-type=\"widget\" data-widget_type=\"text-editor.default\">\n\t\t\t\t\t\t\t\t\t<p><strong>2\u00aa Edi\u00e7\u00e3o<\/strong> &#8211; Abril 2023<\/p>\t\t\t\t\t\t\t\t<\/div>\n\t\t\t\t<\/div>\n\t\t<div class=\"elementor-element elementor-element-eb31043 e-con-full e-flex e-con e-child\" data-id=\"eb31043\" data-element_type=\"container\" data-e-type=\"container\">\n\t\t\t\t<div class=\"elementor-element elementor-element-8e73a6d elementor-widget elementor-widget-image\" data-id=\"8e73a6d\" data-element_type=\"widget\" data-e-type=\"widget\" data-widget_type=\"image.default\">\n\t\t\t\t\t\t\t\t\t\t\t\t\t\t\t\t<a href=\"http:\/\/lastravaganza.com.br\/edicoes\/2023\/Stravaganza_03.pdf\" target=\"_blank\">\n\t\t\t\t\t\t\t<img decoding=\"async\" width=\"266\" height=\"305\" src=\"https:\/\/lastravaganza.com.br\/wp-content\/uploads\/2026\/01\/edicao-maio-2023-capa.jpg\" class=\"attachment-large size-large wp-image-6657\" alt=\"\" srcset=\"https:\/\/lastravaganza.com.br\/wp-content\/uploads\/2026\/01\/edicao-maio-2023-capa.jpg 266w, https:\/\/lastravaganza.com.br\/wp-content\/uploads\/2026\/01\/edicao-maio-2023-capa-262x300.jpg 262w\" sizes=\"(max-width: 266px) 100vw, 266px\" \/>\t\t\t\t\t\t\t\t<\/a>\n\t\t\t\t\t\t\t\t\t\t\t\t\t\t\t<\/div>\n\t\t\t\t<div class=\"elementor-element elementor-element-b4d1785 elementor-widget elementor-widget-text-editor\" data-id=\"b4d1785\" data-element_type=\"widget\" data-e-type=\"widget\" data-widget_type=\"text-editor.default\">\n\t\t\t\t\t\t\t\t\t<p><strong>3\u00aa Edi\u00e7\u00e3o<\/strong> &#8211; Maio 2023<\/p>\t\t\t\t\t\t\t\t<\/div>\n\t\t\t\t<\/div>\n\t\t<div class=\"elementor-element elementor-element-3f32633 e-con-full e-flex e-con e-child\" data-id=\"3f32633\" data-element_type=\"container\" data-e-type=\"container\">\n\t\t\t\t<div class=\"elementor-element elementor-element-be1430b elementor-widget elementor-widget-image\" data-id=\"be1430b\" data-element_type=\"widget\" data-e-type=\"widget\" data-widget_type=\"image.default\">\n\t\t\t\t\t\t\t\t\t\t\t\t\t\t\t\t<a href=\"http:\/\/lastravaganza.com.br\/edicoes\/2023\/Stravaganza_04-1.pdf\" target=\"_blank\">\n\t\t\t\t\t\t\t<img loading=\"lazy\" decoding=\"async\" width=\"266\" height=\"305\" src=\"https:\/\/lastravaganza.com.br\/wp-content\/uploads\/2026\/01\/edicao-junho-2023-capa.jpg\" class=\"attachment-large size-large wp-image-6658\" alt=\"\" srcset=\"https:\/\/lastravaganza.com.br\/wp-content\/uploads\/2026\/01\/edicao-junho-2023-capa.jpg 266w, https:\/\/lastravaganza.com.br\/wp-content\/uploads\/2026\/01\/edicao-junho-2023-capa-262x300.jpg 262w\" sizes=\"(max-width: 266px) 100vw, 266px\" \/>\t\t\t\t\t\t\t\t<\/a>\n\t\t\t\t\t\t\t\t\t\t\t\t\t\t\t<\/div>\n\t\t\t\t<div class=\"elementor-element elementor-element-04f56f6 elementor-widget elementor-widget-text-editor\" data-id=\"04f56f6\" data-element_type=\"widget\" data-e-type=\"widget\" data-widget_type=\"text-editor.default\">\n\t\t\t\t\t\t\t\t\t<p><strong>4\u00aa Edi\u00e7\u00e3o<\/strong> &#8211; Junho 2023<\/p>\t\t\t\t\t\t\t\t<\/div>\n\t\t\t\t<\/div>\n\t\t\t\t\t<\/div>\n\t\t\t\t<\/div>\n\t\t<div class=\"elementor-element elementor-element-b7b4759 e-flex e-con-boxed e-con e-parent\" data-id=\"b7b4759\" data-element_type=\"container\" data-e-type=\"container\">\n\t\t\t\t\t<div class=\"e-con-inner\">\n\t\t<div class=\"elementor-element elementor-element-eab1b90 e-con-full e-flex e-con e-child\" data-id=\"eab1b90\" data-element_type=\"container\" data-e-type=\"container\">\n\t\t\t\t<div class=\"elementor-element elementor-element-406a139 elementor-widget elementor-widget-image\" data-id=\"406a139\" data-element_type=\"widget\" data-e-type=\"widget\" data-widget_type=\"image.default\">\n\t\t\t\t\t\t\t\t\t\t\t\t\t\t\t\t<a href=\"http:\/\/lastravaganza.com.br\/edicoes\/2023\/LA-STRAVAGANZA-ITALIANA-1.pdf\" target=\"_blank\">\n\t\t\t\t\t\t\t<img loading=\"lazy\" decoding=\"async\" width=\"266\" height=\"305\" src=\"https:\/\/lastravaganza.com.br\/wp-content\/uploads\/2026\/01\/edicao-julho-2023-capa-1.jpg\" class=\"attachment-large size-large wp-image-6719\" alt=\"\" srcset=\"https:\/\/lastravaganza.com.br\/wp-content\/uploads\/2026\/01\/edicao-julho-2023-capa-1.jpg 266w, https:\/\/lastravaganza.com.br\/wp-content\/uploads\/2026\/01\/edicao-julho-2023-capa-1-262x300.jpg 262w\" sizes=\"(max-width: 266px) 100vw, 266px\" \/>\t\t\t\t\t\t\t\t<\/a>\n\t\t\t\t\t\t\t\t\t\t\t\t\t\t\t<\/div>\n\t\t\t\t<div class=\"elementor-element elementor-element-eb74b32 elementor-widget elementor-widget-text-editor\" data-id=\"eb74b32\" data-element_type=\"widget\" data-e-type=\"widget\" data-widget_type=\"text-editor.default\">\n\t\t\t\t\t\t\t\t\t<p><strong>5\u00aa Edi\u00e7\u00e3o<\/strong> &#8211; Julho 2023<\/p>\t\t\t\t\t\t\t\t<\/div>\n\t\t\t\t<\/div>\n\t\t<div class=\"elementor-element elementor-element-2781c29 e-con-full e-flex e-con e-child\" data-id=\"2781c29\" data-element_type=\"container\" data-e-type=\"container\">\n\t\t\t\t<div class=\"elementor-element elementor-element-2e2fddc elementor-widget elementor-widget-image\" data-id=\"2e2fddc\" data-element_type=\"widget\" data-e-type=\"widget\" data-widget_type=\"image.default\">\n\t\t\t\t\t\t\t\t\t\t\t\t\t\t\t\t<a href=\"http:\/\/lastravaganza.com.br\/edicoes\/2023\/LSI-agosto.pdf\" target=\"_blank\">\n\t\t\t\t\t\t\t<img loading=\"lazy\" decoding=\"async\" width=\"266\" height=\"305\" src=\"https:\/\/lastravaganza.com.br\/wp-content\/uploads\/2026\/01\/edicao-agosto-2023-capa-1.jpg\" class=\"attachment-large size-large wp-image-6718\" alt=\"\" srcset=\"https:\/\/lastravaganza.com.br\/wp-content\/uploads\/2026\/01\/edicao-agosto-2023-capa-1.jpg 266w, https:\/\/lastravaganza.com.br\/wp-content\/uploads\/2026\/01\/edicao-agosto-2023-capa-1-262x300.jpg 262w\" sizes=\"(max-width: 266px) 100vw, 266px\" \/>\t\t\t\t\t\t\t\t<\/a>\n\t\t\t\t\t\t\t\t\t\t\t\t\t\t\t<\/div>\n\t\t\t\t<div class=\"elementor-element elementor-element-cb5ccb5 elementor-widget elementor-widget-text-editor\" data-id=\"cb5ccb5\" data-element_type=\"widget\" data-e-type=\"widget\" data-widget_type=\"text-editor.default\">\n\t\t\t\t\t\t\t\t\t<p><strong>6\u00aa Edi\u00e7\u00e3o<\/strong> &#8211; Agosto 2023<\/p>\t\t\t\t\t\t\t\t<\/div>\n\t\t\t\t<\/div>\n\t\t<div class=\"elementor-element elementor-element-46138ec e-con-full e-flex e-con e-child\" data-id=\"46138ec\" data-element_type=\"container\" data-e-type=\"container\">\n\t\t\t\t<div class=\"elementor-element elementor-element-f8093ef elementor-widget elementor-widget-image\" data-id=\"f8093ef\" data-element_type=\"widget\" data-e-type=\"widget\" data-widget_type=\"image.default\">\n\t\t\t\t\t\t\t\t\t\t\t\t\t\t\t\t<a href=\"http:\/\/lastravaganza.com.br\/edicoes\/2023\/LSE-setembro.pdf\" target=\"_blank\">\n\t\t\t\t\t\t\t<img loading=\"lazy\" decoding=\"async\" width=\"266\" height=\"305\" src=\"https:\/\/lastravaganza.com.br\/wp-content\/uploads\/2026\/01\/edicao-setembro-2023-capa-1.jpg\" class=\"attachment-large size-large wp-image-6726\" alt=\"\" srcset=\"https:\/\/lastravaganza.com.br\/wp-content\/uploads\/2026\/01\/edicao-setembro-2023-capa-1.jpg 266w, https:\/\/lastravaganza.com.br\/wp-content\/uploads\/2026\/01\/edicao-setembro-2023-capa-1-262x300.jpg 262w\" sizes=\"(max-width: 266px) 100vw, 266px\" \/>\t\t\t\t\t\t\t\t<\/a>\n\t\t\t\t\t\t\t\t\t\t\t\t\t\t\t<\/div>\n\t\t\t\t<div class=\"elementor-element elementor-element-1453cb1 elementor-widget elementor-widget-text-editor\" data-id=\"1453cb1\" data-element_type=\"widget\" data-e-type=\"widget\" data-widget_type=\"text-editor.default\">\n\t\t\t\t\t\t\t\t\t<p><strong>7\u00aa Edi\u00e7\u00e3o<\/strong> &#8211; Setembro 2023<\/p>\t\t\t\t\t\t\t\t<\/div>\n\t\t\t\t<\/div>\n\t\t<div class=\"elementor-element elementor-element-585c818 e-con-full e-flex e-con e-child\" data-id=\"585c818\" data-element_type=\"container\" data-e-type=\"container\">\n\t\t\t\t<div class=\"elementor-element elementor-element-8a6f346 elementor-widget elementor-widget-image\" data-id=\"8a6f346\" data-element_type=\"widget\" data-e-type=\"widget\" data-widget_type=\"image.default\">\n\t\t\t\t\t\t\t\t\t\t\t\t\t\t\t\t<a href=\"http:\/\/lastravaganza.com.br\/edicoes\/2023\/LSI-outubro.pdf\" target=\"_blank\">\n\t\t\t\t\t\t\t<img loading=\"lazy\" decoding=\"async\" width=\"266\" height=\"305\" src=\"https:\/\/lastravaganza.com.br\/wp-content\/uploads\/2026\/01\/edicao-outubro-2023-capa-1.jpg\" class=\"attachment-large size-large wp-image-6725\" alt=\"\" srcset=\"https:\/\/lastravaganza.com.br\/wp-content\/uploads\/2026\/01\/edicao-outubro-2023-capa-1.jpg 266w, https:\/\/lastravaganza.com.br\/wp-content\/uploads\/2026\/01\/edicao-outubro-2023-capa-1-262x300.jpg 262w\" sizes=\"(max-width: 266px) 100vw, 266px\" \/>\t\t\t\t\t\t\t\t<\/a>\n\t\t\t\t\t\t\t\t\t\t\t\t\t\t\t<\/div>\n\t\t\t\t<div class=\"elementor-element elementor-element-9515e4e elementor-widget elementor-widget-text-editor\" data-id=\"9515e4e\" data-element_type=\"widget\" data-e-type=\"widget\" data-widget_type=\"text-editor.default\">\n\t\t\t\t\t\t\t\t\t<p><strong>8\u00aa Edi\u00e7\u00e3o<\/strong> &#8211; Outubro 2023<\/p>\t\t\t\t\t\t\t\t<\/div>\n\t\t\t\t<\/div>\n\t\t\t\t\t<\/div>\n\t\t\t\t<\/div>\n\t\t<div class=\"elementor-element elementor-element-cd8e9a3 e-flex e-con-boxed e-con e-parent\" data-id=\"cd8e9a3\" data-element_type=\"container\" data-e-type=\"container\">\n\t\t\t\t\t<div class=\"e-con-inner\">\n\t\t<div class=\"elementor-element elementor-element-0dbba51 e-con-full e-flex e-con e-child\" data-id=\"0dbba51\" data-element_type=\"container\" data-e-type=\"container\">\n\t\t\t\t<div class=\"elementor-element elementor-element-a85542c elementor-widget elementor-widget-image\" data-id=\"a85542c\" data-element_type=\"widget\" data-e-type=\"widget\" data-widget_type=\"image.default\">\n\t\t\t\t\t\t\t\t\t\t\t\t\t\t\t\t<a href=\"http:\/\/lastravaganza.com.br\/edicoes\/2023\/LSI-Novembro.pdf\" target=\"_blank\">\n\t\t\t\t\t\t\t<img loading=\"lazy\" decoding=\"async\" width=\"266\" height=\"305\" src=\"https:\/\/lastravaganza.com.br\/wp-content\/uploads\/2026\/01\/edicao-novermbro-2023-capa-1.jpg\" class=\"attachment-large size-large wp-image-6724\" alt=\"\" srcset=\"https:\/\/lastravaganza.com.br\/wp-content\/uploads\/2026\/01\/edicao-novermbro-2023-capa-1.jpg 266w, https:\/\/lastravaganza.com.br\/wp-content\/uploads\/2026\/01\/edicao-novermbro-2023-capa-1-262x300.jpg 262w\" sizes=\"(max-width: 266px) 100vw, 266px\" \/>\t\t\t\t\t\t\t\t<\/a>\n\t\t\t\t\t\t\t\t\t\t\t\t\t\t\t<\/div>\n\t\t\t\t<div class=\"elementor-element elementor-element-5b5c237 elementor-widget elementor-widget-text-editor\" data-id=\"5b5c237\" data-element_type=\"widget\" data-e-type=\"widget\" data-widget_type=\"text-editor.default\">\n\t\t\t\t\t\t\t\t\t<p><strong>9\u00aa Edi\u00e7\u00e3o<\/strong> &#8211; Novembro 2023<\/p>\t\t\t\t\t\t\t\t<\/div>\n\t\t\t\t<\/div>\n\t\t<div class=\"elementor-element elementor-element-c922bc6 e-con-full e-flex e-con e-child\" data-id=\"c922bc6\" data-element_type=\"container\" data-e-type=\"container\">\n\t\t\t\t<div class=\"elementor-element elementor-element-7d7934b elementor-widget elementor-widget-image\" data-id=\"7d7934b\" data-element_type=\"widget\" data-e-type=\"widget\" data-widget_type=\"image.default\">\n\t\t\t\t\t\t\t\t\t\t\t\t\t\t\t\t<a href=\"http:\/\/lastravaganza.com.br\/edicoes\/2023\/LSI-Dezembro.pdf\" target=\"_blank\">\n\t\t\t\t\t\t\t<img loading=\"lazy\" decoding=\"async\" width=\"266\" height=\"305\" src=\"https:\/\/lastravaganza.com.br\/wp-content\/uploads\/2026\/01\/edicao-dezembro-2023-capa-1.jpg\" class=\"attachment-large size-large wp-image-6723\" alt=\"\" srcset=\"https:\/\/lastravaganza.com.br\/wp-content\/uploads\/2026\/01\/edicao-dezembro-2023-capa-1.jpg 266w, https:\/\/lastravaganza.com.br\/wp-content\/uploads\/2026\/01\/edicao-dezembro-2023-capa-1-262x300.jpg 262w\" sizes=\"(max-width: 266px) 100vw, 266px\" \/>\t\t\t\t\t\t\t\t<\/a>\n\t\t\t\t\t\t\t\t\t\t\t\t\t\t\t<\/div>\n\t\t\t\t<div class=\"elementor-element elementor-element-8b9bde1 elementor-widget elementor-widget-text-editor\" data-id=\"8b9bde1\" data-element_type=\"widget\" data-e-type=\"widget\" data-widget_type=\"text-editor.default\">\n\t\t\t\t\t\t\t\t\t<p><strong>10\u00aa Edi\u00e7\u00e3o<\/strong> &#8211; Dezembro 2023<\/p>\t\t\t\t\t\t\t\t<\/div>\n\t\t\t\t<\/div>\n\t\t<div class=\"elementor-element elementor-element-d307f63 e-con-full e-flex e-con e-child\" data-id=\"d307f63\" data-element_type=\"container\" data-e-type=\"container\">\n\t\t\t\t<\/div>\n\t\t<div class=\"elementor-element elementor-element-152a102 e-con-full e-flex e-con e-child\" data-id=\"152a102\" data-element_type=\"container\" data-e-type=\"container\">\n\t\t\t\t<\/div>\n\t\t\t\t\t<\/div>\n\t\t\t\t<\/div>\n\t\t\t\t<\/div>\n\t\t","protected":false},"excerpt":{"rendered":"<div class=\"tmnf_excerpt\"><p>1\u00aa Edi\u00e7\u00e3o &#8211; Mar\u00e7o 2023 2\u00aa Edi\u00e7\u00e3o &#8211; Abril 2023 3\u00aa Edi\u00e7\u00e3o &#8211; Maio 2023 4\u00aa Edi\u00e7\u00e3o &#8211; Junho 2023 5\u00aa Edi\u00e7\u00e3o &#8211; Julho 2023 6\u00aa Edi\u00e7\u00e3o &#8211; Agosto 2023 7\u00aa Edi\u00e7\u00e3o &#8211; Setembro 2023 8\u00aa Edi\u00e7\u00e3o &#8211; Outubro 2023 9\u00aa Edi\u00e7\u00e3o &#8211; Novembro 2023 10\u00aa Edi\u00e7\u00e3o &#8211; Dezembro 2023<\/p>\n<\/div>","protected":false},"author":1,"featured_media":0,"parent":0,"menu_order":0,"comment_status":"closed","ping_status":"closed","template":"elementor_theme","meta":{"footnotes":""},"class_list":["post-6656","page","type-page","status-publish","hentry"],"_links":{"self":[{"href":"https:\/\/lastravaganza.com.br\/index.php?rest_route=\/wp\/v2\/pages\/6656","targetHints":{"allow":["GET"]}}],"collection":[{"href":"https:\/\/lastravaganza.com.br\/index.php?rest_route=\/wp\/v2\/pages"}],"about":[{"href":"https:\/\/lastravaganza.com.br\/index.php?rest_route=\/wp\/v2\/types\/page"}],"author":[{"embeddable":true,"href":"https:\/\/lastravaganza.com.br\/index.php?rest_route=\/wp\/v2\/users\/1"}],"replies":[{"embeddable":true,"href":"https:\/\/lastravaganza.com.br\/index.php?rest_route=%2Fwp%2Fv2%2Fcomments&post=6656"}],"version-history":[{"count":20,"href":"https:\/\/lastravaganza.com.br\/index.php?rest_route=\/wp\/v2\/pages\/6656\/revisions"}],"predecessor-version":[{"id":6798,"href":"https:\/\/lastravaganza.com.br\/index.php?rest_route=\/wp\/v2\/pages\/6656\/revisions\/6798"}],"wp:attachment":[{"href":"https:\/\/lastravaganza.com.br\/index.php?rest_route=%2Fwp%2Fv2%2Fmedia&parent=6656"}],"curies":[{"name":"wp","href":"https:\/\/api.w.org\/{rel}","templated":true}]}}